{"id":1920,"date":"2014-05-02T17:01:42","date_gmt":"2014-05-02T15:01:17","guid":{"rendered":"https:\/\/www.enz-zuerich.ch\/ueber-uns\/"},"modified":"2018-06-14T15:44:04","modified_gmt":"2018-06-14T13:44:04","slug":"nous-concernant","status":"publish","type":"page","link":"https:\/\/www.enz-zuerich.ch\/fr\/nous-concernant\/","title":{"rendered":"Nous concernant"},"content":{"rendered":"<p>Le grouppe ENZ compte parmi les plus importantes entreprises de pavages en Suisse. Fond\u00e9e en 1970, elle s\u2019est tr\u00e8s vite consititu\u00e9e un nom pour les travaux exigeants et de haute qualit\u00e9. L\u2019entreprise a son si\u00e8ge social \u00e0 B\u00fcrglen\/OW et des sites \u00e0 Berne, Berthoud, Soleure, Z\u00fcrich et Fribourg.<\/p>\n<h3>Pavages<\/h3>\n<div>\n<p>L\u2019entreprise Enz pose les pav\u00e9s en pierre naturelle en arc, ligne, cercle, arc en ogive, diagonal, ar\u00eate de poisson, \u00e9caille, ou en pavage irr\u00e9gulier avec des galets, ou encore en mosa\u00efque, pavage avec des pierres en b\u00e9ton, avec des pav\u00e9s autobloquants, rev\u00eatement \u00e9cologique et pavages en bois.<\/p>\n<h3>Dallages, murs en pierre naturelle et escaliers<\/h3>\n<p>L\u2019entreprise offre pour l\u2018int\u00e9rieur ainsi que pour l\u2018ext\u00e9rieur un ensemble de solutions avec le dallage et le carrelage. Pierre naturelle fendue, cisel\u00e9e, flamm\u00e9e, polie ou en pierre artificielle et en c\u00e9ramique \u2013 Vous profitez d\u2019une offre compl\u00e8te.<\/p>\n<p>La grande exp\u00e9rience du grouppe Enz en fait un partenaire s\u00e9rieux, digne de confiance et comp\u00e9tent.<\/p>\n<p>Nous sommes membre de la Soci\u00e9t\u00e9 Suisse des Entrepreneurs et de l\u2019Association Suisse des Ma\u00eetres Paveurs.<\/p>\n<p><a href=\"https:\/\/www.enz-zuerich.ch\/wp-content\/uploads\/2014\/05\/zertifikat-acosim.pdf\" target=\"_blank\" rel=\"noopener\">Technologie de traitement \u2013 Justificatif ACOSIM M\u00d6RTEL SYSTEME<\/a><\/p>\n<\/div>\n<div><\/div>\n","protected":false},"excerpt":{"rendered":"<p>Le grouppe ENZ compte parmi les plus importantes entreprises de pavages en Suisse. Fond\u00e9e en 1970, elle s\u2019est tr\u00e8s vite consititu\u00e9e un nom pour les travaux exigeants et de haute qualit\u00e9. L\u2019entreprise a son si\u00e8ge social \u00e0 B\u00fcrglen\/OW et des sites \u00e0 Berne, Berthoud, Soleure, Z\u00fcrich et Fribourg. Pavages L\u2019entreprise Enz pose les pav\u00e9s en<a class=\"excerpt-read-more\" href=\"https:\/\/www.enz-zuerich.ch\/fr\/nous-concernant\/\" title=\"ReadNous concernant\">&#8230; Read more &raquo;<\/a><\/p>\n","protected":false},"author":6,"featured_media":0,"parent":0,"menu_order":2,"comment_status":"open","ping_status":"open","template":"","meta":[],"acf":[],"yoast_head":"<!-- This site is optimized with the Yoast SEO plugin v18.5.1 - https:\/\/yoast.com\/wordpress\/plugins\/seo\/ -->\n<title>Nous concernant - Enz Naturstein<\/title>\n<meta name=\"robots\" content=\"index, follow, max-snippet:-1, max-image-preview:large, max-video-preview:-1\" \/>\n<link rel=\"canonical\" href=\"https:\/\/www.enz-zuerich.ch\/fr\/nous-concernant\/\" \/>\n<meta property=\"og:locale\" content=\"fr_FR\" \/>\n<meta property=\"og:type\" content=\"article\" \/>\n<meta property=\"og:title\" content=\"Nous concernant - Enz Naturstein\" \/>\n<meta property=\"og:description\" content=\"Le grouppe ENZ compte parmi les plus importantes entreprises de pavages en Suisse. Fond\u00e9e en 1970, elle s\u2019est tr\u00e8s vite consititu\u00e9e un nom pour les travaux exigeants et de haute qualit\u00e9. L\u2019entreprise a son si\u00e8ge social \u00e0 B\u00fcrglen\/OW et des sites \u00e0 Berne, Berthoud, Soleure, Z\u00fcrich et Fribourg. Pavages L\u2019entreprise Enz pose les pav\u00e9s en... Read more &raquo;\" \/>\n<meta property=\"og:url\" content=\"https:\/\/www.enz-zuerich.ch\/fr\/nous-concernant\/\" \/>\n<meta property=\"og:site_name\" content=\"Enz Naturstein\" \/>\n<meta property=\"article:modified_time\" content=\"2018-06-14T13:44:04+00:00\" \/>\n<meta name=\"twitter:card\" content=\"summary_large_image\" \/>\n<meta name=\"twitter:label1\" content=\"Dur\u00e9e de lecture estim\u00e9e\" \/>\n\t<meta name=\"twitter:data1\" content=\"1 minute\" \/>\n<script type=\"application\/ld+json\" class=\"yoast-schema-graph\">{\"@context\":\"https:\/\/schema.org\",\"@graph\":[{\"@type\":\"WebSite\",\"@id\":\"https:\/\/www.enz-zuerich.ch\/#website\",\"url\":\"https:\/\/www.enz-zuerich.ch\/\",\"name\":\"Enz Naturstein\",\"description\":\"Hochwertige Pfl\u00e4sterungen, Bel\u00e4ge und Natursteine f\u00fcr den Innen- und Aussenbereich.\",\"potentialAction\":[{\"@type\":\"SearchAction\",\"target\":{\"@type\":\"EntryPoint\",\"urlTemplate\":\"https:\/\/www.enz-zuerich.ch\/?s={search_term_string}\"},\"query-input\":\"required name=search_term_string\"}],\"inLanguage\":\"fr-FR\"},{\"@type\":\"WebPage\",\"@id\":\"https:\/\/www.enz-zuerich.ch\/fr\/nous-concernant\/#webpage\",\"url\":\"https:\/\/www.enz-zuerich.ch\/fr\/nous-concernant\/\",\"name\":\"Nous concernant - Enz Naturstein\",\"isPartOf\":{\"@id\":\"https:\/\/www.enz-zuerich.ch\/#website\"},\"datePublished\":\"2014-05-02T15:01:17+00:00\",\"dateModified\":\"2018-06-14T13:44:04+00:00\",\"breadcrumb\":{\"@id\":\"https:\/\/www.enz-zuerich.ch\/fr\/nous-concernant\/#breadcrumb\"},\"inLanguage\":\"fr-FR\",\"potentialAction\":[{\"@type\":\"ReadAction\",\"target\":[\"https:\/\/www.enz-zuerich.ch\/fr\/nous-concernant\/\"]}]},{\"@type\":\"BreadcrumbList\",\"@id\":\"https:\/\/www.enz-zuerich.ch\/fr\/nous-concernant\/#breadcrumb\",\"itemListElement\":[{\"@type\":\"ListItem\",\"position\":1,\"name\":\"Startseite\",\"item\":\"https:\/\/www.enz-zuerich.ch\/fr\/\"},{\"@type\":\"ListItem\",\"position\":2,\"name\":\"Nous concernant\"}]}]}<\/script>\n<!-- \/ Yoast SEO plugin. -->","yoast_head_json":{"title":"Nous concernant - Enz Naturstein","robots":{"index":"index","follow":"follow","max-snippet":"max-snippet:-1","max-image-preview":"max-image-preview:large","max-video-preview":"max-video-preview:-1"},"canonical":"https:\/\/www.enz-zuerich.ch\/fr\/nous-concernant\/","og_locale":"fr_FR","og_type":"article","og_title":"Nous concernant - Enz Naturstein","og_description":"Le grouppe ENZ compte parmi les plus importantes entreprises de pavages en Suisse. Fond\u00e9e en 1970, elle s\u2019est tr\u00e8s vite consititu\u00e9e un nom pour les travaux exigeants et de haute qualit\u00e9. L\u2019entreprise a son si\u00e8ge social \u00e0 B\u00fcrglen\/OW et des sites \u00e0 Berne, Berthoud, Soleure, Z\u00fcrich et Fribourg. Pavages L\u2019entreprise Enz pose les pav\u00e9s en... Read more &raquo;","og_url":"https:\/\/www.enz-zuerich.ch\/fr\/nous-concernant\/","og_site_name":"Enz Naturstein","article_modified_time":"2018-06-14T13:44:04+00:00","twitter_card":"summary_large_image","twitter_misc":{"Dur\u00e9e de lecture estim\u00e9e":"1 minute"},"schema":{"@context":"https:\/\/schema.org","@graph":[{"@type":"WebSite","@id":"https:\/\/www.enz-zuerich.ch\/#website","url":"https:\/\/www.enz-zuerich.ch\/","name":"Enz Naturstein","description":"Hochwertige Pfl\u00e4sterungen, Bel\u00e4ge und Natursteine f\u00fcr den Innen- und Aussenbereich.","potentialAction":[{"@type":"SearchAction","target":{"@type":"EntryPoint","urlTemplate":"https:\/\/www.enz-zuerich.ch\/?s={search_term_string}"},"query-input":"required name=search_term_string"}],"inLanguage":"fr-FR"},{"@type":"WebPage","@id":"https:\/\/www.enz-zuerich.ch\/fr\/nous-concernant\/#webpage","url":"https:\/\/www.enz-zuerich.ch\/fr\/nous-concernant\/","name":"Nous concernant - Enz Naturstein","isPartOf":{"@id":"https:\/\/www.enz-zuerich.ch\/#website"},"datePublished":"2014-05-02T15:01:17+00:00","dateModified":"2018-06-14T13:44:04+00:00","breadcrumb":{"@id":"https:\/\/www.enz-zuerich.ch\/fr\/nous-concernant\/#breadcrumb"},"inLanguage":"fr-FR","potentialAction":[{"@type":"ReadAction","target":["https:\/\/www.enz-zuerich.ch\/fr\/nous-concernant\/"]}]},{"@type":"BreadcrumbList","@id":"https:\/\/www.enz-zuerich.ch\/fr\/nous-concernant\/#breadcrumb","itemListElement":[{"@type":"ListItem","position":1,"name":"Startseite","item":"https:\/\/www.enz-zuerich.ch\/fr\/"},{"@type":"ListItem","position":2,"name":"Nous concernant"}]}]}},"_links":{"self":[{"href":"https:\/\/www.enz-zuerich.ch\/fr\/wp-json\/wp\/v2\/pages\/1920"}],"collection":[{"href":"https:\/\/www.enz-zuerich.ch\/fr\/wp-json\/wp\/v2\/pages"}],"about":[{"href":"https:\/\/www.enz-zuerich.ch\/fr\/wp-json\/wp\/v2\/types\/page"}],"author":[{"embeddable":true,"href":"https:\/\/www.enz-zuerich.ch\/fr\/wp-json\/wp\/v2\/users\/6"}],"replies":[{"embeddable":true,"href":"https:\/\/www.enz-zuerich.ch\/fr\/wp-json\/wp\/v2\/comments?post=1920"}],"version-history":[{"count":2,"href":"https:\/\/www.enz-zuerich.ch\/fr\/wp-json\/wp\/v2\/pages\/1920\/revisions"}],"predecessor-version":[{"id":1950,"href":"https:\/\/www.enz-zuerich.ch\/fr\/wp-json\/wp\/v2\/pages\/1920\/revisions\/1950"}],"wp:attachment":[{"href":"https:\/\/www.enz-zuerich.ch\/fr\/wp-json\/wp\/v2\/media?parent=1920"}],"curies":[{"name":"wp","href":"https:\/\/api.w.org\/{rel}","templated":true}]}}