{"id":2016,"date":"2014-05-02T17:01:52","date_gmt":"2014-05-02T15:01:43","guid":{"rendered":"https:\/\/www.enz-zuerich.ch\/nous-concernant\/referenzobjekte\/"},"modified":"2018-06-14T16:27:34","modified_gmt":"2018-06-14T14:27:34","slug":"references","status":"publish","type":"page","link":"https:\/\/www.enz-zuerich.ch\/fr\/nous-concernant\/references\/","title":{"rendered":"R\u00e9f\u00e9rences"},"content":{"rendered":"<p><strong>2014<\/strong><\/p>\n<p>\u2013 Saalbau, Kirchberg\/BE<br \/>\n\u2013 Gymnasium Schulcampus, Interlaken<br \/>\n\u2013 Jugendherberge, Saas-Fee<br \/>\n\u2013 Areal, Liebefeld<br \/>\n\u2013 Passage Coll\u00e8ge Calvin, Gen\u00e9ve<br \/>\n\u2013 SBB Z\u00fcrich HB, Durchmesserlinie, Durchgangsbahnhof L\u00f6wenstrasse<br \/>\n\u2013 Triemlispital, Z\u00fcrich<br \/>\n\u2013 Hallenbad, St. Moritz<br \/>\n\u2013 Augenklinik, Luzern<\/p>\n<p><strong>2013<\/strong><\/p>\n<p>\u2013 Sechsel\u00e4utenplatz Z\u00fcrich<br \/>\n\u2013 Marktgasse TP 2 Bern<br \/>\n\u2013 Weite Gasse \/ L\u00f6wenplatz Baden<\/p>\n<p><strong>2012<\/strong><\/p>\n<p>\u2013 Place Centrale Martigny<br \/>\n\u2013 Bahnhofstrasse Langenthal<\/p>\n<p><strong>2011<\/strong><\/p>\n<p>\u2013 Infrastrukturleitungen Burgschaft Brig<br \/>\n\u2013 UPD Alte Klinik Bern<\/p>\n<p><strong>2010<\/strong><\/p>\n<p>\u2013 Altstadt Biel<br \/>\n\u2013 Firmenneubau Synthes Zuchwil<br \/>\n\u2013 TCMC Direttissima Meyrin<br \/>\n\u2013 Rue Verdaine, Temple und Grand Rue Lutry<\/p>\n<p><strong>2009<\/strong><\/p>\n<p>\u2013 Dorfstrasse Ins<br \/>\n\u2013 Rue et Place de Ch\u00e2teau-d\u2019Oex<br \/>\n\u2013 Commune d\u2019Avenches<br \/>\nEtape no. 4<br \/>\nRue Centrale, du Temple et du Ch\u00e2teau<br \/>\nPlace de l\u2019Eglise et de la Foire<\/p>\n<p><strong>2008<\/strong><\/p>\n<p>\u2013 Migros Aare Langenthal<br \/>\n\u2013 Place de l\u2019Ancienne Poste Yverdon-les-Bains<br \/>\n\u2013 Kantonsschule Limmattal Urdorf<br \/>\n\u2013 Bulle R\u00e9am\u00e9nagement du centre ville<br \/>\n\u2013 Aufwertung Altstadt Mellingen<br \/>\n\u2013 Neugestaltung Marktplatz Interlaken<\/p>\n","protected":false},"excerpt":{"rendered":"<p>2014 \u2013 Saalbau, Kirchberg\/BE \u2013 Gymnasium Schulcampus, Interlaken \u2013 Jugendherberge, Saas-Fee \u2013 Areal, Liebefeld \u2013 Passage Coll\u00e8ge Calvin, Gen\u00e9ve \u2013 SBB Z\u00fcrich HB, Durchmesserlinie, Durchgangsbahnhof L\u00f6wenstrasse \u2013 Triemlispital, Z\u00fcrich \u2013 Hallenbad, St. Moritz \u2013 Augenklinik, Luzern 2013 \u2013 Sechsel\u00e4utenplatz Z\u00fcrich \u2013 Marktgasse TP 2 Bern \u2013 Weite Gasse \/ L\u00f6wenplatz Baden 2012 \u2013 Place Centrale<a class=\"excerpt-read-more\" href=\"https:\/\/www.enz-zuerich.ch\/fr\/nous-concernant\/references\/\" title=\"ReadR\u00e9f\u00e9rences\">&#8230; Read more &raquo;<\/a><\/p>\n","protected":false},"author":6,"featured_media":0,"parent":1920,"menu_order":0,"comment_status":"open","ping_status":"open","template":"","meta":[],"acf":[],"yoast_head":"<!-- This site is optimized with the Yoast SEO plugin v18.5.1 - https:\/\/yoast.com\/wordpress\/plugins\/seo\/ -->\n<title>R\u00e9f\u00e9rences - Enz Naturstein<\/title>\n<meta name=\"robots\" content=\"index, follow, max-snippet:-1, max-image-preview:large, max-video-preview:-1\" \/>\n<link rel=\"canonical\" href=\"https:\/\/www.enz-zuerich.ch\/fr\/nous-concernant\/references\/\" \/>\n<meta property=\"og:locale\" content=\"fr_FR\" \/>\n<meta property=\"og:type\" content=\"article\" \/>\n<meta property=\"og:title\" content=\"R\u00e9f\u00e9rences - Enz Naturstein\" \/>\n<meta property=\"og:description\" content=\"2014 \u2013 Saalbau, Kirchberg\/BE \u2013 Gymnasium Schulcampus, Interlaken \u2013 Jugendherberge, Saas-Fee \u2013 Areal, Liebefeld \u2013 Passage Coll\u00e8ge Calvin, Gen\u00e9ve \u2013 SBB Z\u00fcrich HB, Durchmesserlinie, Durchgangsbahnhof L\u00f6wenstrasse \u2013 Triemlispital, Z\u00fcrich \u2013 Hallenbad, St. Moritz \u2013 Augenklinik, Luzern 2013 \u2013 Sechsel\u00e4utenplatz Z\u00fcrich \u2013 Marktgasse TP 2 Bern \u2013 Weite Gasse \/ L\u00f6wenplatz Baden 2012 \u2013 Place Centrale... Read more &raquo;\" \/>\n<meta property=\"og:url\" content=\"https:\/\/www.enz-zuerich.ch\/fr\/nous-concernant\/references\/\" \/>\n<meta property=\"og:site_name\" content=\"Enz Naturstein\" \/>\n<meta property=\"article:modified_time\" content=\"2018-06-14T14:27:34+00:00\" \/>\n<meta name=\"twitter:card\" content=\"summary_large_image\" \/>\n<meta name=\"twitter:label1\" content=\"Dur\u00e9e de lecture estim\u00e9e\" \/>\n\t<meta name=\"twitter:data1\" content=\"1 minute\" \/>\n<script type=\"application\/ld+json\" class=\"yoast-schema-graph\">{\"@context\":\"https:\/\/schema.org\",\"@graph\":[{\"@type\":\"WebSite\",\"@id\":\"https:\/\/www.enz-zuerich.ch\/#website\",\"url\":\"https:\/\/www.enz-zuerich.ch\/\",\"name\":\"Enz Naturstein\",\"description\":\"Hochwertige Pfl\u00e4sterungen, Bel\u00e4ge und Natursteine f\u00fcr den Innen- und Aussenbereich.\",\"potentialAction\":[{\"@type\":\"SearchAction\",\"target\":{\"@type\":\"EntryPoint\",\"urlTemplate\":\"https:\/\/www.enz-zuerich.ch\/?s={search_term_string}\"},\"query-input\":\"required name=search_term_string\"}],\"inLanguage\":\"fr-FR\"},{\"@type\":\"WebPage\",\"@id\":\"https:\/\/www.enz-zuerich.ch\/fr\/nous-concernant\/references\/#webpage\",\"url\":\"https:\/\/www.enz-zuerich.ch\/fr\/nous-concernant\/references\/\",\"name\":\"R\u00e9f\u00e9rences - Enz Naturstein\",\"isPartOf\":{\"@id\":\"https:\/\/www.enz-zuerich.ch\/#website\"},\"datePublished\":\"2014-05-02T15:01:43+00:00\",\"dateModified\":\"2018-06-14T14:27:34+00:00\",\"breadcrumb\":{\"@id\":\"https:\/\/www.enz-zuerich.ch\/fr\/nous-concernant\/references\/#breadcrumb\"},\"inLanguage\":\"fr-FR\",\"potentialAction\":[{\"@type\":\"ReadAction\",\"target\":[\"https:\/\/www.enz-zuerich.ch\/fr\/nous-concernant\/references\/\"]}]},{\"@type\":\"BreadcrumbList\",\"@id\":\"https:\/\/www.enz-zuerich.ch\/fr\/nous-concernant\/references\/#breadcrumb\",\"itemListElement\":[{\"@type\":\"ListItem\",\"position\":1,\"name\":\"Startseite\",\"item\":\"https:\/\/www.enz-zuerich.ch\/fr\/\"},{\"@type\":\"ListItem\",\"position\":2,\"name\":\"Nous concernant\",\"item\":\"https:\/\/www.enz-zuerich.ch\/fr\/nous-concernant\/\"},{\"@type\":\"ListItem\",\"position\":3,\"name\":\"R\u00e9f\u00e9rences\"}]}]}<\/script>\n<!-- \/ Yoast SEO plugin. -->","yoast_head_json":{"title":"R\u00e9f\u00e9rences - Enz Naturstein","robots":{"index":"index","follow":"follow","max-snippet":"max-snippet:-1","max-image-preview":"max-image-preview:large","max-video-preview":"max-video-preview:-1"},"canonical":"https:\/\/www.enz-zuerich.ch\/fr\/nous-concernant\/references\/","og_locale":"fr_FR","og_type":"article","og_title":"R\u00e9f\u00e9rences - Enz Naturstein","og_description":"2014 \u2013 Saalbau, Kirchberg\/BE \u2013 Gymnasium Schulcampus, Interlaken \u2013 Jugendherberge, Saas-Fee \u2013 Areal, Liebefeld \u2013 Passage Coll\u00e8ge Calvin, Gen\u00e9ve \u2013 SBB Z\u00fcrich HB, Durchmesserlinie, Durchgangsbahnhof L\u00f6wenstrasse \u2013 Triemlispital, Z\u00fcrich \u2013 Hallenbad, St. Moritz \u2013 Augenklinik, Luzern 2013 \u2013 Sechsel\u00e4utenplatz Z\u00fcrich \u2013 Marktgasse TP 2 Bern \u2013 Weite Gasse \/ L\u00f6wenplatz Baden 2012 \u2013 Place Centrale... Read more &raquo;","og_url":"https:\/\/www.enz-zuerich.ch\/fr\/nous-concernant\/references\/","og_site_name":"Enz Naturstein","article_modified_time":"2018-06-14T14:27:34+00:00","twitter_card":"summary_large_image","twitter_misc":{"Dur\u00e9e de lecture estim\u00e9e":"1 minute"},"schema":{"@context":"https:\/\/schema.org","@graph":[{"@type":"WebSite","@id":"https:\/\/www.enz-zuerich.ch\/#website","url":"https:\/\/www.enz-zuerich.ch\/","name":"Enz Naturstein","description":"Hochwertige Pfl\u00e4sterungen, Bel\u00e4ge und Natursteine f\u00fcr den Innen- und Aussenbereich.","potentialAction":[{"@type":"SearchAction","target":{"@type":"EntryPoint","urlTemplate":"https:\/\/www.enz-zuerich.ch\/?s={search_term_string}"},"query-input":"required name=search_term_string"}],"inLanguage":"fr-FR"},{"@type":"WebPage","@id":"https:\/\/www.enz-zuerich.ch\/fr\/nous-concernant\/references\/#webpage","url":"https:\/\/www.enz-zuerich.ch\/fr\/nous-concernant\/references\/","name":"R\u00e9f\u00e9rences - Enz Naturstein","isPartOf":{"@id":"https:\/\/www.enz-zuerich.ch\/#website"},"datePublished":"2014-05-02T15:01:43+00:00","dateModified":"2018-06-14T14:27:34+00:00","breadcrumb":{"@id":"https:\/\/www.enz-zuerich.ch\/fr\/nous-concernant\/references\/#breadcrumb"},"inLanguage":"fr-FR","potentialAction":[{"@type":"ReadAction","target":["https:\/\/www.enz-zuerich.ch\/fr\/nous-concernant\/references\/"]}]},{"@type":"BreadcrumbList","@id":"https:\/\/www.enz-zuerich.ch\/fr\/nous-concernant\/references\/#breadcrumb","itemListElement":[{"@type":"ListItem","position":1,"name":"Startseite","item":"https:\/\/www.enz-zuerich.ch\/fr\/"},{"@type":"ListItem","position":2,"name":"Nous concernant","item":"https:\/\/www.enz-zuerich.ch\/fr\/nous-concernant\/"},{"@type":"ListItem","position":3,"name":"R\u00e9f\u00e9rences"}]}]}},"_links":{"self":[{"href":"https:\/\/www.enz-zuerich.ch\/fr\/wp-json\/wp\/v2\/pages\/2016"}],"collection":[{"href":"https:\/\/www.enz-zuerich.ch\/fr\/wp-json\/wp\/v2\/pages"}],"about":[{"href":"https:\/\/www.enz-zuerich.ch\/fr\/wp-json\/wp\/v2\/types\/page"}],"author":[{"embeddable":true,"href":"https:\/\/www.enz-zuerich.ch\/fr\/wp-json\/wp\/v2\/users\/6"}],"replies":[{"embeddable":true,"href":"https:\/\/www.enz-zuerich.ch\/fr\/wp-json\/wp\/v2\/comments?post=2016"}],"version-history":[{"count":1,"href":"https:\/\/www.enz-zuerich.ch\/fr\/wp-json\/wp\/v2\/pages\/2016\/revisions"}],"predecessor-version":[{"id":2023,"href":"https:\/\/www.enz-zuerich.ch\/fr\/wp-json\/wp\/v2\/pages\/2016\/revisions\/2023"}],"up":[{"embeddable":true,"href":"https:\/\/www.enz-zuerich.ch\/fr\/wp-json\/wp\/v2\/pages\/1920"}],"wp:attachment":[{"href":"https:\/\/www.enz-zuerich.ch\/fr\/wp-json\/wp\/v2\/media?parent=2016"}],"curies":[{"name":"wp","href":"https:\/\/api.w.org\/{rel}","templated":true}]}}